{"id":3307,"date":"2023-10-09T19:13:17","date_gmt":"2023-10-09T19:13:17","guid":{"rendered":"http:\/\/olympique-club.com\/?page_id=3307"},"modified":"2023-11-15T10:38:49","modified_gmt":"2023-11-15T10:38:49","slug":"kids","status":"publish","type":"page","link":"https:\/\/olympique-club.com\/fr\/kids\/","title":{"rendered":"Kids"},"content":{"rendered":"\t\t<div data-elementor-type=\"wp-page\" data-elementor-id=\"3307\" class=\"elementor elementor-3307\" data-elementor-post-type=\"page\">\n\t\t\t\t\t\t<section class=\"elementor-section elementor-top-section elementor-element elementor-element-f4ea047 elementor-section-height-min-height elementor-section-items-stretch elementor-section-content-middle elementor-reverse-mobile elementor-reverse-tablet elementor-section-boxed elementor-section-height-default\" data-id=\"f4ea047\" data-element_type=\"section\" data-e-type=\"section\" data-settings=\"{&quot;background_background&quot;:&quot;classic&quot;}\">\n\t\t\t\t\t\t<div class=\"elementor-container elementor-column-gap-default\">\n\t\t\t\t\t<div class=\"elementor-column elementor-col-50 elementor-top-column elementor-element elementor-element-058a5e5\" data-id=\"058a5e5\" data-element_type=\"column\" data-e-type=\"column\">\n\t\t\t<div class=\"elementor-widget-wrap elementor-element-populated\">\n\t\t\t\t\t\t<div class=\"elementor-element elementor-element-e90e6c3 elementor-hidden-tablet elementor-hidden-mobile elementor-widget elementor-widget-heading\" data-id=\"e90e6c3\" data-element_type=\"widget\" data-e-type=\"widget\" data-widget_type=\"heading.default\">\n\t\t\t\t<div class=\"elementor-widget-container\">\n\t\t\t\t\t<h1 class=\"elementor-heading-title elementor-size-default\">Kids<\/h1>\t\t\t\t<\/div>\n\t\t\t\t<\/div>\n\t\t\t\t<div class=\"elementor-element elementor-element-3754fbb elementor-widget__width-initial elementor-widget elementor-widget-text-editor\" data-id=\"3754fbb\" data-element_type=\"widget\" data-e-type=\"widget\" data-widget_type=\"text-editor.default\">\n\t\t\t\t<div class=\"elementor-widget-container\">\n\t\t\t\t\t\t\t\t\t<p>\u00c0 l&rsquo;Olympique Club Dakar, nous avons cr\u00e9\u00e9 un espace o\u00f9 la cr\u00e9ativit\u00e9 de vos enfants, leur \u00e9nergie et leur enthousiasme peuvent s&rsquo;\u00e9panouir. Notre programme d&rsquo;activit\u00e9s sportives, ludiques et artistiques d\u00e9di\u00e9 aux enfants offre une exp\u00e9rience compl\u00e8te et enrichissante pour les jeunes esprits curieux.<\/p>\t\t\t\t\t\t\t\t<\/div>\n\t\t\t\t<\/div>\n\t\t\t\t\t<\/div>\n\t\t<\/div>\n\t\t\t\t<div class=\"elementor-column elementor-col-50 elementor-top-column elementor-element elementor-element-2161cc7\" data-id=\"2161cc7\" data-element_type=\"column\" data-e-type=\"column\">\n\t\t\t<div class=\"elementor-widget-wrap elementor-element-populated\">\n\t\t\t\t\t\t<div class=\"elementor-element elementor-element-0bc9c21 elementor-hidden-desktop elementor-widget-divider--view-line elementor-widget elementor-widget-divider\" data-id=\"0bc9c21\" data-element_type=\"widget\" data-e-type=\"widget\" data-widget_type=\"divider.default\">\n\t\t\t\t<div class=\"elementor-widget-container\">\n\t\t\t\t\t\t\t<div class=\"elementor-divider\">\n\t\t\t<span class=\"elementor-divider-separator\">\n\t\t\t\t\t\t<\/span>\n\t\t<\/div>\n\t\t\t\t\t\t<\/div>\n\t\t\t\t<\/div>\n\t\t\t\t<div class=\"elementor-element elementor-element-2adb2c0 elementor-hidden-desktop elementor-widget-divider--view-line elementor-widget elementor-widget-divider\" data-id=\"2adb2c0\" data-element_type=\"widget\" data-e-type=\"widget\" data-widget_type=\"divider.default\">\n\t\t\t\t<div class=\"elementor-widget-container\">\n\t\t\t\t\t\t\t<div class=\"elementor-divider\">\n\t\t\t<span class=\"elementor-divider-separator\">\n\t\t\t\t\t\t<\/span>\n\t\t<\/div>\n\t\t\t\t\t\t<\/div>\n\t\t\t\t<\/div>\n\t\t\t\t<div class=\"elementor-element elementor-element-5934bef elementor-hidden-desktop elementor-widget elementor-widget-heading\" data-id=\"5934bef\" data-element_type=\"widget\" data-e-type=\"widget\" data-widget_type=\"heading.default\">\n\t\t\t\t<div class=\"elementor-widget-container\">\n\t\t\t\t\t<h1 class=\"elementor-heading-title elementor-size-default\">Kids<\/h1>\t\t\t\t<\/div>\n\t\t\t\t<\/div>\n\t\t\t\t\t<\/div>\n\t\t<\/div>\n\t\t\t\t\t<\/div>\n\t\t<\/section>\n\t\t\t\t<section class=\"elementor-section elementor-top-section elementor-element elementor-element-2ac3df9 elementor-section-content-middle elementor-reverse-mobile elementor-section-boxed elementor-section-height-default elementor-section-height-default\" data-id=\"2ac3df9\" data-element_type=\"section\" data-e-type=\"section\">\n\t\t\t\t\t\t<div class=\"elementor-container elementor-column-gap-no\">\n\t\t\t\t\t<div class=\"elementor-column elementor-col-50 elementor-top-column elementor-element elementor-element-d93fc45\" data-id=\"d93fc45\" data-element_type=\"column\" data-e-type=\"column\">\n\t\t\t<div class=\"elementor-widget-wrap elementor-element-populated\">\n\t\t\t\t\t\t<div class=\"elementor-element elementor-element-87ef18e elementor-widget elementor-widget-image\" data-id=\"87ef18e\" data-element_type=\"widget\" data-e-type=\"widget\" data-widget_type=\"image.default\">\n\t\t\t\t<div class=\"elementor-widget-container\">\n\t\t\t\t\t\t\t\t\t\t\t\t\t\t\t<img fetchpriority=\"high\" decoding=\"async\" width=\"800\" height=\"509\" src=\"https:\/\/olympique-club.com\/wp-content\/uploads\/2023\/10\/Screenshot-2023-10-31-at-1.45.58-PM.png\" class=\"attachment-large size-large wp-image-11998\" alt=\"\" srcset=\"https:\/\/olympique-club.com\/wp-content\/uploads\/2023\/10\/Screenshot-2023-10-31-at-1.45.58-PM.png 940w, https:\/\/olympique-club.com\/wp-content\/uploads\/2023\/10\/Screenshot-2023-10-31-at-1.45.58-PM-300x191.png 300w, https:\/\/olympique-club.com\/wp-content\/uploads\/2023\/10\/Screenshot-2023-10-31-at-1.45.58-PM-768x489.png 768w\" sizes=\"(max-width: 800px) 100vw, 800px\" \/>\t\t\t\t\t\t\t\t\t\t\t\t\t\t\t<\/div>\n\t\t\t\t<\/div>\n\t\t\t\t\t<\/div>\n\t\t<\/div>\n\t\t\t\t<div class=\"elementor-column elementor-col-50 elementor-top-column elementor-element elementor-element-a10471f\" data-id=\"a10471f\" data-element_type=\"column\" data-e-type=\"column\">\n\t\t\t<div class=\"elementor-widget-wrap elementor-element-populated\">\n\t\t\t\t\t\t<div class=\"elementor-element elementor-element-236e5e0 elementor-widget elementor-widget-heading\" data-id=\"236e5e0\" data-element_type=\"widget\" data-e-type=\"widget\" data-widget_type=\"heading.default\">\n\t\t\t\t<div class=\"elementor-widget-container\">\n\t\t\t\t\t<h4 class=\"elementor-heading-title elementor-size-default\">Maternelle<\/h4>\t\t\t\t<\/div>\n\t\t\t\t<\/div>\n\t\t\t\t<div class=\"elementor-element elementor-element-09fbf11 elementor-widget__width-initial elementor-widget elementor-widget-text-editor\" data-id=\"09fbf11\" data-element_type=\"widget\" data-e-type=\"widget\" data-widget_type=\"text-editor.default\">\n\t\t\t\t<div class=\"elementor-widget-container\">\n\t\t\t\t\t\t\t\t\t<p><span style=\"font-weight: 400;\">Les petites mains Familiale et s\u00e9curisante, telle est l\u2019ambiance qui caract\u00e9rise notre \u00e9cole maternelle. Dans un environnement agr\u00e9able et sportif \u00e0 quelques dizaines de m\u00e8tres de la mer, l\u2019enfant est accueilli dans une structure \u00e0 taille humaine. L\u2019effectif par classe est de 20 \u00e0 22 enfants maximum.<\/span><\/p><p>Numero de contact:\u00a0<span style=\"font-family: var( --e-global-typography-text-font-family ), Sans-serif; font-style: var( --e-global-typography-text-font-style ); background-color: var( --e-global-color-4c81131 );\">77 630 19 48<\/span><\/p><p>\u00a0<\/p>\t\t\t\t\t\t\t\t<\/div>\n\t\t\t\t<\/div>\n\t\t\t\t\t<\/div>\n\t\t<\/div>\n\t\t\t\t\t<\/div>\n\t\t<\/section>\n\t\t\t\t<section class=\"elementor-section elementor-top-section elementor-element elementor-element-60e055a elementor-section-content-middle elementor-reverse-mobile elementor-section-boxed elementor-section-height-default elementor-section-height-default\" data-id=\"60e055a\" data-element_type=\"section\" data-e-type=\"section\">\n\t\t\t\t\t\t<div class=\"elementor-container elementor-column-gap-no\">\n\t\t\t\t\t<div class=\"elementor-column elementor-col-50 elementor-top-column elementor-element elementor-element-ffc434c\" data-id=\"ffc434c\" data-element_type=\"column\" data-e-type=\"column\">\n\t\t\t<div class=\"elementor-widget-wrap elementor-element-populated\">\n\t\t\t\t\t\t<div class=\"elementor-element elementor-element-3388975 elementor-widget elementor-widget-heading\" data-id=\"3388975\" data-element_type=\"widget\" data-e-type=\"widget\" data-widget_type=\"heading.default\">\n\t\t\t\t<div class=\"elementor-widget-container\">\n\t\t\t\t\t<h4 class=\"elementor-heading-title elementor-size-default\"><a href=\"http:\/\/olympique-club.com\/fitness-classes\/\">Music lessons<\/a><\/h4>\t\t\t\t<\/div>\n\t\t\t\t<\/div>\n\t\t\t\t<div class=\"elementor-element elementor-element-ee01d64 elementor-widget elementor-widget-text-editor\" data-id=\"ee01d64\" data-element_type=\"widget\" data-e-type=\"widget\" data-widget_type=\"text-editor.default\">\n\t\t\t\t<div class=\"elementor-widget-container\">\n\t\t\t\t\t\t\t\t\t<p><span style=\"font-weight: 400;\">Programme d\u2019\u00e9ducation musicale avec m\u00e9thode interactive \u00e0 l\u2019appui destin\u00e9 aux enfants par groupes restreints et par tranches d\u2019\u00e2ges allant de 4 \u00e0 6 ans.<\/span><\/p><p><span style=\"font-weight: 400;\">Son objectif est de donner \u00e0 l\u2019enfant la possibilit\u00e9 d\u2019acqu\u00e9rir les automatismes n\u00e9cessaires \u00e0 l\u2019\u00e9veil et \u00e0 l\u2019expression musicale tout en d\u00e9veloppant ses capacit\u00e9s de concentration, d\u2019analyse, d\u2019appr\u00e9ciation, mais aussi sa sensibilit\u00e9.<\/span><\/p><h6><span style=\"font-weight: 400;\">Saxo et fl\u00fbte traversi\u00e8re:<\/span><\/h6><p><span style=\"font-weight: 400;\">L&rsquo;\u00e2ge minimum requis est 12 ans.<\/span><\/p><h6><span style=\"font-weight: 400;\">Piano\u00a0 et\u00a0 djemb\u00e9:<\/span><\/h6><p><span style=\"font-weight: 400;\">Cours d\u2019initiation individuels ou collectifs.<\/span><\/p><h6><span style=\"font-weight: 400;\">Professeur<\/span><\/h6><ul><li style=\"font-weight: 400;\" aria-level=\"1\"><span style=\"font-weight: 400;\">Monsieur DIAKITE, professeur de musique.<\/span><\/li><li style=\"font-weight: 400;\" aria-level=\"1\"><span style=\"font-weight: 400;\">T\u00e9l : 77 653 48 70 ;<\/span><\/li><li style=\"font-weight: 400;\" aria-level=\"1\"><span style=\"font-weight: 400;\">Email : musiclass14@gmail.com<\/span><\/li><\/ul>\t\t\t\t\t\t\t\t<\/div>\n\t\t\t\t<\/div>\n\t\t\t\t\t<\/div>\n\t\t<\/div>\n\t\t\t\t<div class=\"elementor-column elementor-col-50 elementor-top-column elementor-element elementor-element-5da5cb2\" data-id=\"5da5cb2\" data-element_type=\"column\" data-e-type=\"column\">\n\t\t\t<div class=\"elementor-widget-wrap elementor-element-populated\">\n\t\t\t\t\t\t<div class=\"elementor-element elementor-element-9a88fbc elementor-widget elementor-widget-image\" data-id=\"9a88fbc\" data-element_type=\"widget\" data-e-type=\"widget\" data-widget_type=\"image.default\">\n\t\t\t\t<div class=\"elementor-widget-container\">\n\t\t\t\t\t\t\t\t\t\t\t\t\t\t\t<img decoding=\"async\" width=\"1024\" height=\"682\" src=\"https:\/\/olympique-club.com\/wp-content\/uploads\/2023\/10\/violin-Feature.jpg\" class=\"attachment-full size-full wp-image-13425\" alt=\"\" srcset=\"https:\/\/olympique-club.com\/wp-content\/uploads\/2023\/10\/violin-Feature.jpg 1024w, https:\/\/olympique-club.com\/wp-content\/uploads\/2023\/10\/violin-Feature-300x200.jpg 300w, https:\/\/olympique-club.com\/wp-content\/uploads\/2023\/10\/violin-Feature-768x512.jpg 768w\" sizes=\"(max-width: 1024px) 100vw, 1024px\" \/>\t\t\t\t\t\t\t\t\t\t\t\t\t\t\t<\/div>\n\t\t\t\t<\/div>\n\t\t\t\t\t<\/div>\n\t\t<\/div>\n\t\t\t\t\t<\/div>\n\t\t<\/section>\n\t\t\t\t<section class=\"elementor-section elementor-top-section elementor-element elementor-element-a4e7e25 elementor-section-content-middle elementor-reverse-mobile elementor-section-boxed elementor-section-height-default elementor-section-height-default\" data-id=\"a4e7e25\" data-element_type=\"section\" data-e-type=\"section\">\n\t\t\t\t\t\t<div class=\"elementor-container elementor-column-gap-no\">\n\t\t\t\t\t<div class=\"elementor-column elementor-col-50 elementor-top-column elementor-element elementor-element-11eb8a3\" data-id=\"11eb8a3\" data-element_type=\"column\" data-e-type=\"column\">\n\t\t\t<div class=\"elementor-widget-wrap elementor-element-populated\">\n\t\t\t\t\t\t<div class=\"elementor-element elementor-element-0fe2b57 elementor-widget elementor-widget-image\" data-id=\"0fe2b57\" data-element_type=\"widget\" data-e-type=\"widget\" data-widget_type=\"image.default\">\n\t\t\t\t<div class=\"elementor-widget-container\">\n\t\t\t\t\t\t\t\t\t\t\t\t\t\t\t<img decoding=\"async\" width=\"800\" height=\"534\" src=\"https:\/\/olympique-club.com\/wp-content\/uploads\/2023\/10\/9R0A5987-1024x683.jpg\" class=\"attachment-large size-large wp-image-12012\" alt=\"\" srcset=\"https:\/\/olympique-club.com\/wp-content\/uploads\/2023\/10\/9R0A5987-1024x683.jpg 1024w, https:\/\/olympique-club.com\/wp-content\/uploads\/2023\/10\/9R0A5987-300x200.jpg 300w, https:\/\/olympique-club.com\/wp-content\/uploads\/2023\/10\/9R0A5987-768x512.jpg 768w, https:\/\/olympique-club.com\/wp-content\/uploads\/2023\/10\/9R0A5987-1536x1024.jpg 1536w, https:\/\/olympique-club.com\/wp-content\/uploads\/2023\/10\/9R0A5987-2048x1365.jpg 2048w\" sizes=\"(max-width: 800px) 100vw, 800px\" \/>\t\t\t\t\t\t\t\t\t\t\t\t\t\t\t<\/div>\n\t\t\t\t<\/div>\n\t\t\t\t\t<\/div>\n\t\t<\/div>\n\t\t\t\t<div class=\"elementor-column elementor-col-50 elementor-top-column elementor-element elementor-element-b5be775\" data-id=\"b5be775\" data-element_type=\"column\" data-e-type=\"column\">\n\t\t\t<div class=\"elementor-widget-wrap elementor-element-populated\">\n\t\t\t\t\t\t<div class=\"elementor-element elementor-element-2e91592 elementor-widget elementor-widget-heading\" data-id=\"2e91592\" data-element_type=\"widget\" data-e-type=\"widget\" data-widget_type=\"heading.default\">\n\t\t\t\t<div class=\"elementor-widget-container\">\n\t\t\t\t\t<h4 class=\"elementor-heading-title elementor-size-default\">Playground<\/h4>\t\t\t\t<\/div>\n\t\t\t\t<\/div>\n\t\t\t\t<div class=\"elementor-element elementor-element-298c716 elementor-widget__width-initial elementor-widget elementor-widget-text-editor\" data-id=\"298c716\" data-element_type=\"widget\" data-e-type=\"widget\" data-widget_type=\"text-editor.default\">\n\t\t\t\t<div class=\"elementor-widget-container\">\n\t\t\t\t\t\t\t\t\t<p><span style=\"font-weight: 400;\">Situ\u00e9e dans un bel espace s\u00e9curis\u00e9 du Club Olympique, l&rsquo;aire de jeux fait le bonheur des enfants de tous \u00e2ges. Disponible \u00e0 tout moment o\u00f9 le club est ouvert, une collection de toboggans, balan\u00e7oires et bien d&rsquo;autres activit\u00e9s ludiques pour l&rsquo;exercice de vos enfants.<\/span><\/p>\t\t\t\t\t\t\t\t<\/div>\n\t\t\t\t<\/div>\n\t\t\t\t\t<\/div>\n\t\t<\/div>\n\t\t\t\t\t<\/div>\n\t\t<\/section>\n\t\t\t\t<section class=\"elementor-section elementor-top-section elementor-element elementor-element-bff648a elementor-section-content-middle elementor-reverse-mobile elementor-section-boxed elementor-section-height-default elementor-section-height-default\" data-id=\"bff648a\" data-element_type=\"section\" data-e-type=\"section\">\n\t\t\t\t\t\t<div class=\"elementor-container elementor-column-gap-no\">\n\t\t\t\t\t<div class=\"elementor-column elementor-col-50 elementor-top-column elementor-element elementor-element-796eb8d\" data-id=\"796eb8d\" data-element_type=\"column\" data-e-type=\"column\">\n\t\t\t<div class=\"elementor-widget-wrap elementor-element-populated\">\n\t\t\t\t\t\t<div class=\"elementor-element elementor-element-3f2ac5f elementor-widget elementor-widget-heading\" data-id=\"3f2ac5f\" data-element_type=\"widget\" data-e-type=\"widget\" data-widget_type=\"heading.default\">\n\t\t\t\t<div class=\"elementor-widget-container\">\n\t\t\t\t\t<h4 class=\"elementor-heading-title elementor-size-default\"><a href=\"http:\/\/olympique-club.com\/fitness-classes\/\">Birthday Parties<\/a><\/h4>\t\t\t\t<\/div>\n\t\t\t\t<\/div>\n\t\t\t\t<div class=\"elementor-element elementor-element-6f18985 elementor-widget elementor-widget-text-editor\" data-id=\"6f18985\" data-element_type=\"widget\" data-e-type=\"widget\" data-widget_type=\"text-editor.default\">\n\t\t\t\t<div class=\"elementor-widget-container\">\n\t\t\t\t\t\t\t\t\t<p>A l&rsquo;olympique club nous vous offrons une exp\u00e9rience d&rsquo;anniversaire compl\u00e8te qui \u00e9merveillera les enfants et ravira les parents. Imaginez un anniversaire o\u00f9 chaque d\u00e9tail est pris en charge, vous permettant de vous d\u00e9tendre et de profiter du sourire \u00e9clatant de votre enfant.<br \/>Contactez-nous au +221776321649<\/p>\t\t\t\t\t\t\t\t<\/div>\n\t\t\t\t<\/div>\n\t\t\t\t\t<\/div>\n\t\t<\/div>\n\t\t\t\t<div class=\"elementor-column elementor-col-50 elementor-top-column elementor-element elementor-element-24019ee\" data-id=\"24019ee\" data-element_type=\"column\" data-e-type=\"column\">\n\t\t\t<div class=\"elementor-widget-wrap elementor-element-populated\">\n\t\t\t\t\t\t<div class=\"elementor-element elementor-element-5f9bf22 elementor-widget elementor-widget-image\" data-id=\"5f9bf22\" data-element_type=\"widget\" data-e-type=\"widget\" data-widget_type=\"image.default\">\n\t\t\t\t<div class=\"elementor-widget-container\">\n\t\t\t\t\t\t\t\t\t\t\t\t\t\t\t<img loading=\"lazy\" decoding=\"async\" width=\"1564\" height=\"986\" src=\"https:\/\/olympique-club.com\/wp-content\/uploads\/2023\/10\/Screenshot-2023-10-31-at-1.53.40-PM.png\" class=\"attachment-full size-full wp-image-12020\" alt=\"\" srcset=\"https:\/\/olympique-club.com\/wp-content\/uploads\/2023\/10\/Screenshot-2023-10-31-at-1.53.40-PM.png 1564w, https:\/\/olympique-club.com\/wp-content\/uploads\/2023\/10\/Screenshot-2023-10-31-at-1.53.40-PM-300x189.png 300w, https:\/\/olympique-club.com\/wp-content\/uploads\/2023\/10\/Screenshot-2023-10-31-at-1.53.40-PM-1024x646.png 1024w, https:\/\/olympique-club.com\/wp-content\/uploads\/2023\/10\/Screenshot-2023-10-31-at-1.53.40-PM-768x484.png 768w, https:\/\/olympique-club.com\/wp-content\/uploads\/2023\/10\/Screenshot-2023-10-31-at-1.53.40-PM-1536x968.png 1536w\" sizes=\"(max-width: 1564px) 100vw, 1564px\" \/>\t\t\t\t\t\t\t\t\t\t\t\t\t\t\t<\/div>\n\t\t\t\t<\/div>\n\t\t\t\t\t<\/div>\n\t\t<\/div>\n\t\t\t\t\t<\/div>\n\t\t<\/section>\n\t\t\t\t<section class=\"elementor-section elementor-top-section elementor-element elementor-element-13af1d2 elementor-section-content-middle elementor-reverse-mobile elementor-section-boxed elementor-section-height-default elementor-section-height-default\" data-id=\"13af1d2\" data-element_type=\"section\" data-e-type=\"section\">\n\t\t\t\t\t\t<div class=\"elementor-container elementor-column-gap-no\">\n\t\t\t\t\t<div class=\"elementor-column elementor-col-50 elementor-top-column elementor-element elementor-element-0aa7b8f\" data-id=\"0aa7b8f\" data-element_type=\"column\" data-e-type=\"column\">\n\t\t\t<div class=\"elementor-widget-wrap elementor-element-populated\">\n\t\t\t\t\t\t<div class=\"elementor-element elementor-element-232c287 elementor-widget elementor-widget-image\" data-id=\"232c287\" data-element_type=\"widget\" data-e-type=\"widget\" data-widget_type=\"image.default\">\n\t\t\t\t<div class=\"elementor-widget-container\">\n\t\t\t\t\t\t\t\t\t\t\t\t\t\t\t<img loading=\"lazy\" decoding=\"async\" width=\"800\" height=\"583\" src=\"https:\/\/olympique-club.com\/wp-content\/uploads\/2023\/10\/Screenshot-2023-10-31-at-1.54.31-PM-1024x746.png\" class=\"attachment-large size-large wp-image-12022\" alt=\"\" srcset=\"https:\/\/olympique-club.com\/wp-content\/uploads\/2023\/10\/Screenshot-2023-10-31-at-1.54.31-PM-1024x746.png 1024w, https:\/\/olympique-club.com\/wp-content\/uploads\/2023\/10\/Screenshot-2023-10-31-at-1.54.31-PM-300x219.png 300w, https:\/\/olympique-club.com\/wp-content\/uploads\/2023\/10\/Screenshot-2023-10-31-at-1.54.31-PM-768x560.png 768w, https:\/\/olympique-club.com\/wp-content\/uploads\/2023\/10\/Screenshot-2023-10-31-at-1.54.31-PM.png 1260w\" sizes=\"(max-width: 800px) 100vw, 800px\" \/>\t\t\t\t\t\t\t\t\t\t\t\t\t\t\t<\/div>\n\t\t\t\t<\/div>\n\t\t\t\t\t<\/div>\n\t\t<\/div>\n\t\t\t\t<div class=\"elementor-column elementor-col-50 elementor-top-column elementor-element elementor-element-c01c33d\" data-id=\"c01c33d\" data-element_type=\"column\" data-e-type=\"column\">\n\t\t\t<div class=\"elementor-widget-wrap elementor-element-populated\">\n\t\t\t\t\t\t<div class=\"elementor-element elementor-element-690f191 elementor-widget elementor-widget-heading\" data-id=\"690f191\" data-element_type=\"widget\" data-e-type=\"widget\" data-widget_type=\"heading.default\">\n\t\t\t\t<div class=\"elementor-widget-container\">\n\t\t\t\t\t<h4 class=\"elementor-heading-title elementor-size-default\">Summer Camp<\/h4>\t\t\t\t<\/div>\n\t\t\t\t<\/div>\n\t\t\t\t<div class=\"elementor-element elementor-element-c76cccd elementor-widget__width-initial elementor-widget elementor-widget-text-editor\" data-id=\"c76cccd\" data-element_type=\"widget\" data-e-type=\"widget\" data-widget_type=\"text-editor.default\">\n\t\t\t\t<div class=\"elementor-widget-container\">\n\t\t\t\t\t\t\t\t\t<p>Pr\u00e9parez-vous \u00e0 une aventure inoubliable pour vos enfants avec nos camps de vacances passionnants \u00e0 l&rsquo;Olympique Club! Retrouvez nous du lundi au vendredi, pendant les vacances scolaire. nous offrons deux sessions de camp par jour pour r\u00e9pondre \u00e0 tous les emplois du temps. Notre camp du matin, de 9h \u00e0 13h, est une explosion d&rsquo;activit\u00e9s sportives et ludiques. L&rsquo;\u00e9t\u00e9 nous proposons aussi un camp de l&rsquo;apr\u00e8s-midi, de 13h \u00e0 17h30, o\u00f9 l&rsquo;amusement continue dans notre environnement s\u00fbr et stimulant.<\/p>\t\t\t\t\t\t\t\t<\/div>\n\t\t\t\t<\/div>\n\t\t\t\t\t<\/div>\n\t\t<\/div>\n\t\t\t\t\t<\/div>\n\t\t<\/section>\n\t\t\t\t<\/div>\n\t\t","protected":false},"excerpt":{"rendered":"<p>Kids \u00c0 l&rsquo;Olympique Club Dakar, nous avons cr\u00e9\u00e9 un espace o\u00f9 la cr\u00e9ativit\u00e9 de vos enfants, leur \u00e9nergie et leur enthousiasme peuvent s&rsquo;\u00e9panouir. Notre programme d&rsquo;activit\u00e9s sportives, ludiques et artistiques d\u00e9di\u00e9 aux enfants offre une exp\u00e9rience compl\u00e8te et enrichissante pour les jeunes esprits curieux. Kids Maternelle Les petites mains Familiale et s\u00e9curisante, telle est l\u2019ambiance [&hellip;]<\/p>\n","protected":false},"author":1,"featured_media":0,"parent":0,"menu_order":0,"comment_status":"closed","ping_status":"closed","template":"elementor_header_footer","meta":{"footnotes":""},"class_list":["post-3307","page","type-page","status-publish","hentry"],"_links":{"self":[{"href":"https:\/\/olympique-club.com\/fr\/wp-json\/wp\/v2\/pages\/3307"}],"collection":[{"href":"https:\/\/olympique-club.com\/fr\/wp-json\/wp\/v2\/pages"}],"about":[{"href":"https:\/\/olympique-club.com\/fr\/wp-json\/wp\/v2\/types\/page"}],"author":[{"embeddable":true,"href":"https:\/\/olympique-club.com\/fr\/wp-json\/wp\/v2\/users\/1"}],"replies":[{"embeddable":true,"href":"https:\/\/olympique-club.com\/fr\/wp-json\/wp\/v2\/comments?post=3307"}],"version-history":[{"count":25,"href":"https:\/\/olympique-club.com\/fr\/wp-json\/wp\/v2\/pages\/3307\/revisions"}],"predecessor-version":[{"id":14366,"href":"https:\/\/olympique-club.com\/fr\/wp-json\/wp\/v2\/pages\/3307\/revisions\/14366"}],"wp:attachment":[{"href":"https:\/\/olympique-club.com\/fr\/wp-json\/wp\/v2\/media?parent=3307"}],"curies":[{"name":"wp","href":"https:\/\/api.w.org\/{rel}","templated":true}]}}