{"id":13606,"date":"2023-10-31T14:25:00","date_gmt":"2023-10-31T14:25:00","guid":{"rendered":"http:\/\/olympique-club.com\/amenities\/"},"modified":"2024-01-12T18:56:14","modified_gmt":"2024-01-12T18:56:14","slug":"amenities","status":"publish","type":"page","link":"https:\/\/olympique-club.com\/fr\/amenities\/","title":{"rendered":"Amenities"},"content":{"rendered":"\t\t<div data-elementor-type=\"wp-post\" data-elementor-id=\"13606\" class=\"elementor elementor-13606 elementor-13402\" data-elementor-post-type=\"page\">\n\t\t\t\t\t\t<section class=\"elementor-section elementor-top-section elementor-element elementor-element-145599a elementor-section-height-min-height elementor-section-items-stretch elementor-section-content-middle elementor-reverse-mobile elementor-reverse-tablet elementor-section-boxed elementor-section-height-default\" data-id=\"145599a\" data-element_type=\"section\" data-e-type=\"section\" data-settings=\"{&quot;background_background&quot;:&quot;classic&quot;}\">\n\t\t\t\t\t\t<div class=\"elementor-container elementor-column-gap-default\">\n\t\t\t\t\t<div class=\"elementor-column elementor-col-50 elementor-top-column elementor-element elementor-element-8e333ab\" data-id=\"8e333ab\" data-element_type=\"column\" data-e-type=\"column\">\n\t\t\t<div class=\"elementor-widget-wrap elementor-element-populated\">\n\t\t\t\t\t\t<div class=\"elementor-element elementor-element-5b1b158 elementor-hidden-tablet elementor-hidden-mobile elementor-widget elementor-widget-heading\" data-id=\"5b1b158\" data-element_type=\"widget\" data-e-type=\"widget\" data-widget_type=\"heading.default\">\n\t\t\t\t<div class=\"elementor-widget-container\">\n\t\t\t\t\t<h1 class=\"elementor-heading-title elementor-size-default\">Amenities<\/h1>\t\t\t\t<\/div>\n\t\t\t\t<\/div>\n\t\t\t\t<div class=\"elementor-element elementor-element-3f27f5d elementor-widget__width-initial elementor-widget elementor-widget-text-editor\" data-id=\"3f27f5d\" data-element_type=\"widget\" data-e-type=\"widget\" data-widget_type=\"text-editor.default\">\n\t\t\t\t<div class=\"elementor-widget-container\">\n\t\t\t\t\t\t\t\t\t<p>\u00c0 l&rsquo;Olympique Club Dakar, nous sommes plus qu&rsquo;un simple lieu de sport. Nous sommes un lieu de rassemblement familial, con\u00e7u pour offrir une exp\u00e9rience compl\u00e8te \u00e0 nos membres. En plus de nos installations sportives, nous sommes fiers de pr\u00e9senter nos \u00e9quipements.<\/p>\t\t\t\t\t\t\t\t<\/div>\n\t\t\t\t<\/div>\n\t\t\t\t\t<\/div>\n\t\t<\/div>\n\t\t\t\t<div class=\"elementor-column elementor-col-50 elementor-top-column elementor-element elementor-element-0118b6c\" data-id=\"0118b6c\" data-element_type=\"column\" data-e-type=\"column\">\n\t\t\t<div class=\"elementor-widget-wrap elementor-element-populated\">\n\t\t\t\t\t\t<div class=\"elementor-element elementor-element-1143de5 elementor-hidden-desktop elementor-widget-divider--view-line elementor-widget elementor-widget-divider\" data-id=\"1143de5\" data-element_type=\"widget\" data-e-type=\"widget\" data-widget_type=\"divider.default\">\n\t\t\t\t<div class=\"elementor-widget-container\">\n\t\t\t\t\t\t\t<div class=\"elementor-divider\">\n\t\t\t<span class=\"elementor-divider-separator\">\n\t\t\t\t\t\t<\/span>\n\t\t<\/div>\n\t\t\t\t\t\t<\/div>\n\t\t\t\t<\/div>\n\t\t\t\t<div class=\"elementor-element elementor-element-6815d2f elementor-hidden-desktop elementor-widget-divider--view-line elementor-widget elementor-widget-divider\" data-id=\"6815d2f\" data-element_type=\"widget\" data-e-type=\"widget\" data-widget_type=\"divider.default\">\n\t\t\t\t<div class=\"elementor-widget-container\">\n\t\t\t\t\t\t\t<div class=\"elementor-divider\">\n\t\t\t<span class=\"elementor-divider-separator\">\n\t\t\t\t\t\t<\/span>\n\t\t<\/div>\n\t\t\t\t\t\t<\/div>\n\t\t\t\t<\/div>\n\t\t\t\t<div class=\"elementor-element elementor-element-bf857d8 elementor-hidden-desktop elementor-widget elementor-widget-heading\" data-id=\"bf857d8\" data-element_type=\"widget\" data-e-type=\"widget\" data-widget_type=\"heading.default\">\n\t\t\t\t<div class=\"elementor-widget-container\">\n\t\t\t\t\t<h1 class=\"elementor-heading-title elementor-size-default\">Amenities<\/h1>\t\t\t\t<\/div>\n\t\t\t\t<\/div>\n\t\t\t\t\t<\/div>\n\t\t<\/div>\n\t\t\t\t\t<\/div>\n\t\t<\/section>\n\t\t<div class=\"elementor-element elementor-element-ef59352 e-flex e-con-boxed e-con e-parent\" data-id=\"ef59352\" data-element_type=\"container\" data-e-type=\"container\">\n\t\t\t\t\t<div class=\"e-con-inner\">\n\t\t<div class=\"elementor-element elementor-element-4f55acf e-con-full e-flex e-con e-child\" data-id=\"4f55acf\" data-element_type=\"container\" data-e-type=\"container\">\n\t\t\t\t<div class=\"elementor-element elementor-element-5cdf3ff elementor-widget elementor-widget-image\" data-id=\"5cdf3ff\" data-element_type=\"widget\" data-e-type=\"widget\" data-widget_type=\"image.default\">\n\t\t\t\t<div class=\"elementor-widget-container\">\n\t\t\t\t\t\t\t\t\t\t\t\t\t\t\t<img fetchpriority=\"high\" decoding=\"async\" width=\"800\" height=\"534\" src=\"https:\/\/olympique-club.com\/wp-content\/uploads\/2023\/10\/9R0A5977-scaled-1-1024x683.jpg\" class=\"attachment-large size-large wp-image-13408\" alt=\"\" srcset=\"https:\/\/olympique-club.com\/wp-content\/uploads\/2023\/10\/9R0A5977-scaled-1-1024x683.jpg 1024w, https:\/\/olympique-club.com\/wp-content\/uploads\/2023\/10\/9R0A5977-scaled-1-300x200.jpg 300w, https:\/\/olympique-club.com\/wp-content\/uploads\/2023\/10\/9R0A5977-scaled-1-768x512.jpg 768w, https:\/\/olympique-club.com\/wp-content\/uploads\/2023\/10\/9R0A5977-scaled-1-1536x1024.jpg 1536w, https:\/\/olympique-club.com\/wp-content\/uploads\/2023\/10\/9R0A5977-scaled-1-2048x1366.jpg 2048w\" sizes=\"(max-width: 800px) 100vw, 800px\" \/>\t\t\t\t\t\t\t\t\t\t\t\t\t\t\t<\/div>\n\t\t\t\t<\/div>\n\t\t\t\t<\/div>\n\t\t<div class=\"elementor-element elementor-element-3e1a462 e-con-full e-flex e-con e-child\" data-id=\"3e1a462\" data-element_type=\"container\" data-e-type=\"container\">\n\t\t\t\t<div class=\"elementor-element elementor-element-f186327 elementor-widget elementor-widget-heading\" data-id=\"f186327\" data-element_type=\"widget\" data-e-type=\"widget\" data-widget_type=\"heading.default\">\n\t\t\t\t<div class=\"elementor-widget-container\">\n\t\t\t\t\t<h4 class=\"elementor-heading-title elementor-size-default\">Club house<\/h4>\t\t\t\t<\/div>\n\t\t\t\t<\/div>\n\t\t\t\t<div class=\"elementor-element elementor-element-ee106d4 elementor-widget__width-initial elementor-widget elementor-widget-text-editor\" data-id=\"ee106d4\" data-element_type=\"widget\" data-e-type=\"widget\" data-widget_type=\"text-editor.default\">\n\t\t\t\t<div class=\"elementor-widget-container\">\n\t\t\t\t\t\t\t\t\t<p>L&rsquo;Olympique Club House propose des collations et des repas d\u00e9licieux et sains, notamment des omelettes, des salades et des p\u00e2tes, ainsi que des boissons non alcoolis\u00e9es, des jus de fruits, des sodas et de la bi\u00e8re. Le stand de smoothie vous permet de pr\u00e9parer des boissons fra\u00eeches et saines avec des fruits frais locaux. Le Club House dispose d&rsquo;un espace int\u00e9rieur et de tables ext\u00e9rieures dans le jardin. Ouvert de 7 heures \u00e0 21 heures 30.<\/p><p>Num\u00e9ro de contact : 77 354 64 42<\/p>\t\t\t\t\t\t\t\t<\/div>\n\t\t\t\t<\/div>\n\t\t\t\t<\/div>\n\t\t\t\t\t<\/div>\n\t\t\t\t<\/div>\n\t\t<div class=\"elementor-element elementor-element-761ea29 e-flex e-con-boxed e-con e-parent\" data-id=\"761ea29\" data-element_type=\"container\" data-e-type=\"container\">\n\t\t\t\t\t<div class=\"e-con-inner\">\n\t\t<div class=\"elementor-element elementor-element-0f5a59f e-con-full e-flex e-con e-child\" data-id=\"0f5a59f\" data-element_type=\"container\" data-e-type=\"container\">\n\t\t\t\t<div class=\"elementor-element elementor-element-a192f1b elementor-widget elementor-widget-heading\" data-id=\"a192f1b\" data-element_type=\"widget\" data-e-type=\"widget\" data-widget_type=\"heading.default\">\n\t\t\t\t<div class=\"elementor-widget-container\">\n\t\t\t\t\t<h4 class=\"elementor-heading-title elementor-size-default\"><a href=\"http:\/\/olympique-club.com\/fitness-classes\/\">Salon<\/a><\/h4>\t\t\t\t<\/div>\n\t\t\t\t<\/div>\n\t\t\t\t<div class=\"elementor-element elementor-element-d0a78ad elementor-widget elementor-widget-text-editor\" data-id=\"d0a78ad\" data-element_type=\"widget\" data-e-type=\"widget\" data-widget_type=\"text-editor.default\">\n\t\t\t\t<div class=\"elementor-widget-container\">\n\t\t\t\t\t\t\t\t\t<p>Notre \u00e9quipe est ravie de vous accueillir dans son nouvel espace de d\u00e9tente et de bien-\u00eatre.<\/p><p>Venez d\u00e9couvrir nos diff\u00e9rents soins du corps et du visage, nos massages, notre \u00ab\u00a0nail corner\u00a0\u00bb et, bien s\u00fbr, l&rsquo;incontournable \u00e9pilation \u00e0 la cire.<\/p><p>Renseignements et rendez-vous : +221 78 173 34 69<\/p><p>Ouvert le lundi de 14 h \u00e0 18 h 30<br \/>et du mardi au samedi de 9h30 \u00e0 18h.<\/p><p>Nous sommes situ\u00e9s en face de la terrasse du clubhouse de l&rsquo;Olympique Club de Dakar.<\/p>\t\t\t\t\t\t\t\t<\/div>\n\t\t\t\t<\/div>\n\t\t\t\t<\/div>\n\t\t<div class=\"elementor-element elementor-element-ab534c8 e-con-full e-flex e-con e-child\" data-id=\"ab534c8\" data-element_type=\"container\" data-e-type=\"container\">\n\t\t\t\t<div class=\"elementor-element elementor-element-b17d989 elementor-widget elementor-widget-image\" data-id=\"b17d989\" data-element_type=\"widget\" data-e-type=\"widget\" data-widget_type=\"image.default\">\n\t\t\t\t<div class=\"elementor-widget-container\">\n\t\t\t\t\t\t\t\t\t\t\t\t\t\t\t<img decoding=\"async\" width=\"2560\" height=\"1707\" src=\"https:\/\/olympique-club.com\/wp-content\/uploads\/2023\/10\/9R0A5993-scaled-1.jpg\" class=\"attachment-full size-full wp-image-13410\" alt=\"\" srcset=\"https:\/\/olympique-club.com\/wp-content\/uploads\/2023\/10\/9R0A5993-scaled-1.jpg 2560w, https:\/\/olympique-club.com\/wp-content\/uploads\/2023\/10\/9R0A5993-scaled-1-300x200.jpg 300w, https:\/\/olympique-club.com\/wp-content\/uploads\/2023\/10\/9R0A5993-scaled-1-1024x683.jpg 1024w, https:\/\/olympique-club.com\/wp-content\/uploads\/2023\/10\/9R0A5993-scaled-1-768x512.jpg 768w, https:\/\/olympique-club.com\/wp-content\/uploads\/2023\/10\/9R0A5993-scaled-1-1536x1024.jpg 1536w, https:\/\/olympique-club.com\/wp-content\/uploads\/2023\/10\/9R0A5993-scaled-1-2048x1366.jpg 2048w\" sizes=\"(max-width: 2560px) 100vw, 2560px\" \/>\t\t\t\t\t\t\t\t\t\t\t\t\t\t\t<\/div>\n\t\t\t\t<\/div>\n\t\t\t\t<\/div>\n\t\t\t\t\t<\/div>\n\t\t\t\t<\/div>\n\t\t<div class=\"elementor-element elementor-element-dabc30b e-flex e-con-boxed e-con e-parent\" data-id=\"dabc30b\" data-element_type=\"container\" data-e-type=\"container\">\n\t\t\t\t\t<div class=\"e-con-inner\">\n\t\t<div class=\"elementor-element elementor-element-799a4b1 e-con-full e-flex e-con e-child\" data-id=\"799a4b1\" data-element_type=\"container\" data-e-type=\"container\">\n\t\t\t\t<div class=\"elementor-element elementor-element-4c6855d elementor-widget elementor-widget-image\" data-id=\"4c6855d\" data-element_type=\"widget\" data-e-type=\"widget\" data-widget_type=\"image.default\">\n\t\t\t\t<div class=\"elementor-widget-container\">\n\t\t\t\t\t\t\t\t\t\t\t\t\t\t\t<img decoding=\"async\" width=\"800\" height=\"534\" src=\"https:\/\/olympique-club.com\/wp-content\/uploads\/2023\/10\/9R0A5961-scaled-1-1024x683.jpg\" class=\"attachment-large size-large wp-image-13597\" alt=\"\" srcset=\"https:\/\/olympique-club.com\/wp-content\/uploads\/2023\/10\/9R0A5961-scaled-1-1024x683.jpg 1024w, https:\/\/olympique-club.com\/wp-content\/uploads\/2023\/10\/9R0A5961-scaled-1-300x200.jpg 300w, https:\/\/olympique-club.com\/wp-content\/uploads\/2023\/10\/9R0A5961-scaled-1-768x512.jpg 768w, https:\/\/olympique-club.com\/wp-content\/uploads\/2023\/10\/9R0A5961-scaled-1-1536x1024.jpg 1536w, https:\/\/olympique-club.com\/wp-content\/uploads\/2023\/10\/9R0A5961-scaled-1-2048x1366.jpg 2048w\" sizes=\"(max-width: 800px) 100vw, 800px\" \/>\t\t\t\t\t\t\t\t\t\t\t\t\t\t\t<\/div>\n\t\t\t\t<\/div>\n\t\t\t\t<\/div>\n\t\t<div class=\"elementor-element elementor-element-194503d e-con-full e-flex e-con e-child\" data-id=\"194503d\" data-element_type=\"container\" data-e-type=\"container\">\n\t\t\t\t<div class=\"elementor-element elementor-element-ba7dc57 elementor-widget elementor-widget-heading\" data-id=\"ba7dc57\" data-element_type=\"widget\" data-e-type=\"widget\" data-widget_type=\"heading.default\">\n\t\t\t\t<div class=\"elementor-widget-container\">\n\t\t\t\t\t<h4 class=\"elementor-heading-title elementor-size-default\">Boutiques<\/h4>\t\t\t\t<\/div>\n\t\t\t\t<\/div>\n\t\t\t\t<div class=\"elementor-element elementor-element-b1bf339 elementor-widget__width-initial elementor-widget elementor-widget-text-editor\" data-id=\"b1bf339\" data-element_type=\"widget\" data-e-type=\"widget\" data-widget_type=\"text-editor.default\">\n\t\t\t\t<div class=\"elementor-widget-container\">\n\t\t\t\t\t\t\t\t\t<p>Les boutiques de l&rsquo;Olympique Club comprennent Morena by Leila, qui propose une belle gamme de v\u00eatements de c\u00e9r\u00e9monie pour femmes dans des styles africains et occidentaux. La boutique Rio Dakar propose une gamme de v\u00eatements de sport et de maillots de bain, ainsi que des v\u00eatements d\u00e9contract\u00e9s chics dans des tissus locaux. Des maillots de bain, des chaussures, des sacs, des bijoux et d&rsquo;autres accessoires ainsi que des produits de soins pour la peau et les cheveux sont disponibles. Vous avez oubli\u00e9 vos lunettes de soleil, votre serviette ou vos tongs ? La boutique Rio Dakar a ce qu&rsquo;il vous faut !<\/p><p>Morena :<\/p><p>78 432 67 87<\/p><p>Rio :<\/p>\t\t\t\t\t\t\t\t<\/div>\n\t\t\t\t<\/div>\n\t\t\t\t<\/div>\n\t\t\t\t\t<\/div>\n\t\t\t\t<\/div>\n\t\t<div class=\"elementor-element elementor-element-78d8132 e-flex e-con-boxed e-con e-parent\" data-id=\"78d8132\" data-element_type=\"container\" data-e-type=\"container\">\n\t\t\t\t\t<div class=\"e-con-inner\">\n\t\t<div class=\"elementor-element elementor-element-e519336 e-con-full e-flex e-con e-child\" data-id=\"e519336\" data-element_type=\"container\" data-e-type=\"container\">\n\t\t\t\t<div class=\"elementor-element elementor-element-d5272c9 elementor-widget elementor-widget-heading\" data-id=\"d5272c9\" data-element_type=\"widget\" data-e-type=\"widget\" data-widget_type=\"heading.default\">\n\t\t\t\t<div class=\"elementor-widget-container\">\n\t\t\t\t\t<h4 class=\"elementor-heading-title elementor-size-default\"><a href=\"http:\/\/olympique-club.com\/fitness-classes\/\">Physical therapy<\/a><\/h4>\t\t\t\t<\/div>\n\t\t\t\t<\/div>\n\t\t\t\t<div class=\"elementor-element elementor-element-744a4b5 elementor-widget elementor-widget-text-editor\" data-id=\"744a4b5\" data-element_type=\"widget\" data-e-type=\"widget\" data-widget_type=\"text-editor.default\">\n\t\t\t\t<div class=\"elementor-widget-container\">\n\t\t\t\t\t\t\t\t\t<p>Le Club Olympique dispose d&rsquo;une clinique de physioth\u00e9rapie \u00e9tiopathique sur le site, o\u00f9 Quentin peut vous aider \u00e0 identifier la cause des blessures et autres probl\u00e8mes m\u00e9dicaux ayant un impact sur votre sant\u00e9 et votre bien-\u00eatre, avec des traitements ne n\u00e9cessitant pas de m\u00e9dicaments. Contactez-le au 77 743 04 58.<\/p>\t\t\t\t\t\t\t\t<\/div>\n\t\t\t\t<\/div>\n\t\t\t\t<\/div>\n\t\t<div class=\"elementor-element elementor-element-7963f77 e-con-full e-flex e-con e-child\" data-id=\"7963f77\" data-element_type=\"container\" data-e-type=\"container\">\n\t\t\t\t<div class=\"elementor-element elementor-element-904160d elementor-widget elementor-widget-image\" data-id=\"904160d\" data-element_type=\"widget\" data-e-type=\"widget\" data-widget_type=\"image.default\">\n\t\t\t\t<div class=\"elementor-widget-container\">\n\t\t\t\t\t\t\t\t\t\t\t\t\t\t\t<img loading=\"lazy\" decoding=\"async\" width=\"940\" height=\"608\" src=\"https:\/\/olympique-club.com\/wp-content\/uploads\/2023\/10\/Screenshot-2023-10-31-at-3.36.58-PM-1.png\" class=\"attachment-full size-full wp-image-13599\" alt=\"\" srcset=\"https:\/\/olympique-club.com\/wp-content\/uploads\/2023\/10\/Screenshot-2023-10-31-at-3.36.58-PM-1.png 940w, https:\/\/olympique-club.com\/wp-content\/uploads\/2023\/10\/Screenshot-2023-10-31-at-3.36.58-PM-1-300x194.png 300w, https:\/\/olympique-club.com\/wp-content\/uploads\/2023\/10\/Screenshot-2023-10-31-at-3.36.58-PM-1-768x497.png 768w\" sizes=\"(max-width: 940px) 100vw, 940px\" \/>\t\t\t\t\t\t\t\t\t\t\t\t\t\t\t<\/div>\n\t\t\t\t<\/div>\n\t\t\t\t<\/div>\n\t\t\t\t\t<\/div>\n\t\t\t\t<\/div>\n\t\t\t\t<\/div>\n\t\t","protected":false},"excerpt":{"rendered":"<p>Amenities \u00c0 l&rsquo;Olympique Club Dakar, nous sommes plus qu&rsquo;un simple lieu de sport. Nous sommes un lieu de rassemblement familial, con\u00e7u pour offrir une exp\u00e9rience compl\u00e8te \u00e0 nos membres. En plus de nos installations sportives, nous sommes fiers de pr\u00e9senter nos \u00e9quipements. Amenities Club house L&rsquo;Olympique Club House propose des collations et des repas d\u00e9licieux [&hellip;]<\/p>\n","protected":false},"author":1,"featured_media":0,"parent":0,"menu_order":0,"comment_status":"closed","ping_status":"closed","template":"","meta":{"footnotes":""},"class_list":["post-13606","page","type-page","status-publish","hentry"],"_links":{"self":[{"href":"https:\/\/olympique-club.com\/fr\/wp-json\/wp\/v2\/pages\/13606"}],"collection":[{"href":"https:\/\/olympique-club.com\/fr\/wp-json\/wp\/v2\/pages"}],"about":[{"href":"https:\/\/olympique-club.com\/fr\/wp-json\/wp\/v2\/types\/page"}],"author":[{"embeddable":true,"href":"https:\/\/olympique-club.com\/fr\/wp-json\/wp\/v2\/users\/1"}],"replies":[{"embeddable":true,"href":"https:\/\/olympique-club.com\/fr\/wp-json\/wp\/v2\/comments?post=13606"}],"version-history":[{"count":25,"href":"https:\/\/olympique-club.com\/fr\/wp-json\/wp\/v2\/pages\/13606\/revisions"}],"predecessor-version":[{"id":14818,"href":"https:\/\/olympique-club.com\/fr\/wp-json\/wp\/v2\/pages\/13606\/revisions\/14818"}],"wp:attachment":[{"href":"https:\/\/olympique-club.com\/fr\/wp-json\/wp\/v2\/media?parent=13606"}],"curies":[{"name":"wp","href":"https:\/\/api.w.org\/{rel}","templated":true}]}}